{"id":2114,"date":"2023-05-31T21:06:34","date_gmt":"2023-06-01T02:06:34","guid":{"rendered":"https:\/\/shkermesse.com\/?page_id=2114"},"modified":"2025-02-08T09:29:15","modified_gmt":"2025-02-08T14:29:15","slug":"formulaire-de-commandite-diamant","status":"publish","type":"page","link":"https:\/\/shkermesse.com\/index.php\/fr\/formulaire-de-commandite-diamant\/","title":{"rendered":"Formulaire de commandite (Diamant)"},"content":{"rendered":"\t\t<div data-elementor-type=\"wp-page\" data-elementor-id=\"2114\" class=\"elementor elementor-2114\" data-elementor-post-type=\"page\">\n\t\t\t\t\t\t<section class=\"elementor-section elementor-top-section elementor-element elementor-element-59cb9bc elementor-section-boxed elementor-section-height-default elementor-section-height-default\" data-id=\"59cb9bc\" data-element_type=\"section\">\n\t\t\t\t\t\t<div class=\"elementor-container elementor-column-gap-default\">\n\t\t\t\t\t<div class=\"elementor-column elementor-col-100 elementor-top-column elementor-element elementor-element-e8a2769\" data-id=\"e8a2769\" data-element_type=\"column\">\n\t\t\t<div class=\"elementor-widget-wrap elementor-element-populated\">\n\t\t\t\t\t\t<div class=\"elementor-element elementor-element-497e63f elementor-widget elementor-widget-wpforms\" data-id=\"497e63f\" data-element_type=\"widget\" data-widget_type=\"wpforms.default\">\n\t\t\t\t<div class=\"elementor-widget-container\">\n\t\t\t<div class=\"wpforms-container wpforms-container-full\" id=\"wpforms-2099\"><form id=\"wpforms-form-2099\" class=\"wpforms-validate wpforms-form\" data-formid=\"2099\" method=\"post\" enctype=\"multipart\/form-data\" action=\"\/index.php\/wp-json\/wp\/v2\/pages\/2114\" data-token=\"c63bd6fe7e22d50cf3b97d78f5af9cdb\"><div class=\"wpforms-head-container\"><div class=\"wpforms-description\"><b>Veuillez noter que la date limite pour toutes les demandes de commandite et les paiements doivent \u00eatre re\u00e7u au plus tard le 15 juillet 2025.<\/b><br><br>\r\n\r\nUne fois le formulaire soumis, un membre du comit\u00e9 vous contactera pour la confirmation et les d\u00e9tails du paiement.<br><br>\r\n\r\nPour toute question, veuillez contacter :<br><br>\r\n\r\nLori Khatchigian @ 514-975-4244<br>\r\nElizabeth Ohanian @ 514-979-9350<br>\r\nTamar Yaghejian @ 514-891-8683<br>\r\n<br>\r\n<\/div><\/div><noscript class=\"wpforms-error-noscript\">Please enable JavaScript in your browser to complete this form.<\/noscript><div class=\"wpforms-field-container\"><div id=\"wpforms-2099-field_1-container\" class=\"wpforms-field wpforms-field-text wpforms-one-half wpforms-first\" data-field-id=\"1\"><label class=\"wpforms-field-label\" for=\"wpforms-2099-field_1\">Pr\u00e9nom <span class=\"wpforms-required-label\">*<\/span><\/label><input type=\"text\" id=\"wpforms-2099-field_1\" class=\"wpforms-field-large wpforms-field-required\" name=\"wpforms[fields][1]\" required><\/div><div id=\"wpforms-2099-field_3-container\" class=\"wpforms-field wpforms-field-text wpforms-one-half\" data-field-id=\"3\"><label class=\"wpforms-field-label\" for=\"wpforms-2099-field_3\">Nom <span class=\"wpforms-required-label\">*<\/span><\/label><input type=\"text\" id=\"wpforms-2099-field_3\" class=\"wpforms-field-large wpforms-field-required\" name=\"wpforms[fields][3]\" required><\/div><div id=\"wpforms-2099-field_5-container\" class=\"wpforms-field wpforms-field-text\" data-field-id=\"5\"><label class=\"wpforms-field-label\" for=\"wpforms-2099-field_5\">Entreprise (Veuillez pr\u00e9ciser le nom de votre entreprise) <span class=\"wpforms-required-label\">*<\/span><\/label><input type=\"text\" id=\"wpforms-2099-field_5\" class=\"wpforms-field-large wpforms-field-required\" name=\"wpforms[fields][5]\" required><\/div><div id=\"wpforms-2099-field_6-container\" class=\"wpforms-field wpforms-field-text\" data-field-id=\"6\"><label class=\"wpforms-field-label\" for=\"wpforms-2099-field_6\">Adresse (No. civique, Nom de la rue, Ville, Province, Code postal) <span class=\"wpforms-required-label\">*<\/span><\/label><input type=\"text\" id=\"wpforms-2099-field_6\" class=\"wpforms-field-large wpforms-field-required\" name=\"wpforms[fields][6]\" required><\/div><div id=\"wpforms-2099-field_7-container\" class=\"wpforms-field wpforms-field-text wpforms-one-third wpforms-first\" data-field-id=\"7\"><label class=\"wpforms-field-label\" for=\"wpforms-2099-field_7\">T\u00e9l\u00e9phone ou Cellulaire <span class=\"wpforms-required-label\">*<\/span><\/label><input type=\"text\" id=\"wpforms-2099-field_7\" class=\"wpforms-field-large wpforms-field-required wpforms-masked-input\" data-rule-inputmask-incomplete=\"1\" data-inputmask-mask=\"+1 (999) 999-9999\" name=\"wpforms[fields][7]\" required><\/div><div id=\"wpforms-2099-field_9-container\" class=\"wpforms-field wpforms-field-text wpforms-one-third\" data-field-id=\"9\"><label class=\"wpforms-field-label\" for=\"wpforms-2099-field_9\">Courriel <span class=\"wpforms-required-label\">*<\/span><\/label><input type=\"text\" id=\"wpforms-2099-field_9\" class=\"wpforms-field-large wpforms-field-required wpforms-masked-input\" data-rule-inputmask-incomplete=\"1\" data-inputmask-alias=\"email\" name=\"wpforms[fields][9]\" required><\/div><div id=\"wpforms-2099-field_10-container\" class=\"wpforms-field wpforms-field-text\" data-field-id=\"10\"><label class=\"wpforms-field-label\" for=\"wpforms-2099-field_10\">Site web (Si vous n&#039;avez pas de site web, veuillez indiquer Non Applicable) <span class=\"wpforms-required-label\">*<\/span><\/label><input type=\"text\" id=\"wpforms-2099-field_10\" class=\"wpforms-field-large wpforms-field-required\" name=\"wpforms[fields][10]\" required><\/div><div id=\"wpforms-2099-field_18-container\" class=\"wpforms-field wpforms-field-text\" data-field-id=\"18\"><label class=\"wpforms-field-label\" for=\"wpforms-2099-field_18\"> Nom Facebook (Si vous n&#039;avez pas de Facebook, veuillez indiquer Non Applicable) <span class=\"wpforms-required-label\">*<\/span><\/label><input type=\"text\" id=\"wpforms-2099-field_18\" class=\"wpforms-field-medium wpforms-field-required\" name=\"wpforms[fields][18]\" required><\/div><div id=\"wpforms-2099-field_19-container\" class=\"wpforms-field wpforms-field-text\" data-field-id=\"19\"><label class=\"wpforms-field-label\" for=\"wpforms-2099-field_19\">Nom Instagram  (Si vous n&#039;avez pas Instagram, veuillez indiquer Non Applicable) <span class=\"wpforms-required-label\">*<\/span><\/label><input type=\"text\" id=\"wpforms-2099-field_19\" class=\"wpforms-field-medium wpforms-field-required\" name=\"wpforms[fields][19]\" required><\/div><div id=\"wpforms-2099-field_23-container\" class=\"wpforms-field wpforms-field-checkbox\" data-field-id=\"23\"><label class=\"wpforms-field-label\" for=\"wpforms-2099-field_23\">Mode de paiement <span class=\"wpforms-required-label\">*<\/span><\/label><ul id=\"wpforms-2099-field_23\" class=\"wpforms-field-required\"><li class=\"choice-1 depth-1 wpforms-selected\"><input type=\"checkbox\" id=\"wpforms-2099-field_23_1\" name=\"wpforms[fields][23][]\" value=\"Ch\u00e8que - Fondation de l\u2019\u00c9cole arm\u00e9nienne Sourp Hagop\" required  checked='checked'><label class=\"wpforms-field-label-inline\" for=\"wpforms-2099-field_23_1\">Ch\u00e8que - Fondation de l\u2019\u00c9cole arm\u00e9nienne Sourp Hagop<\/label><\/li><\/ul><\/div><div id=\"wpforms-2099-field_22-container\" class=\"wpforms-field wpforms-field-checkbox\" data-field-id=\"22\"><label class=\"wpforms-field-label\" for=\"wpforms-2099-field_22\">Type de commandite <span class=\"wpforms-required-label\">*<\/span><\/label><ul id=\"wpforms-2099-field_22\" class=\"wpforms-field-required\"><li class=\"choice-1 depth-1 wpforms-selected\"><input type=\"checkbox\" id=\"wpforms-2099-field_22_1\" name=\"wpforms[fields][22][]\" value=\"Commanditaire Diamant - 5 000 $\" required  checked='checked'><label class=\"wpforms-field-label-inline\" for=\"wpforms-2099-field_22_1\">Commanditaire Diamant - 5 000 $<\/label><\/li><\/ul><\/div><div id=\"wpforms-2099-field_26-container\" class=\"wpforms-field wpforms-field-radio\" data-field-id=\"26\"><label class=\"wpforms-field-label\" for=\"wpforms-2099-field_26\">Souhaitez-vous en savoir plus sur le 50e anniversaire de notre \u00e9cole ? <span class=\"wpforms-required-label\">*<\/span><\/label><ul id=\"wpforms-2099-field_26\" class=\"wpforms-field-required\"><li class=\"choice-1 depth-1\"><input type=\"radio\" id=\"wpforms-2099-field_26_1\" name=\"wpforms[fields][26]\" value=\"Oui\" required ><label class=\"wpforms-field-label-inline\" for=\"wpforms-2099-field_26_1\">Oui<\/label><\/li><li class=\"choice-2 depth-1\"><input type=\"radio\" id=\"wpforms-2099-field_26_2\" name=\"wpforms[fields][26]\" value=\"Non\" required ><label class=\"wpforms-field-label-inline\" for=\"wpforms-2099-field_26_2\">Non<\/label><\/li><\/ul><\/div><div id=\"wpforms-2099-field_25-container\" class=\"wpforms-field wpforms-field-checkbox\" data-field-id=\"25\"><label class=\"wpforms-field-label\" for=\"wpforms-2099-field_25\">Cochez la case pour continuer <span class=\"wpforms-required-label\">*<\/span><\/label><ul id=\"wpforms-2099-field_25\" class=\"wpforms-field-required\"><li class=\"choice-1 depth-1\"><input type=\"checkbox\" id=\"wpforms-2099-field_25_1\" name=\"wpforms[fields][25][]\" value=\"Je consens \u00e0 la collecte, au stockage et \u00e0 l&#039;utilisation de mes renseignements personnels tels qu&#039;\u00e9nonc\u00e9s dans la politique de confidentialit\u00e9. Num\u00e9ro d&#039;enregistrement : 845032473 RR 0001\" required ><label class=\"wpforms-field-label-inline\" for=\"wpforms-2099-field_25_1\">Je consens \u00e0 la collecte, au stockage et \u00e0 l'utilisation de mes renseignements personnels tels qu'\u00e9nonc\u00e9s dans la politique de confidentialit\u00e9. Num\u00e9ro d'enregistrement : 845032473 RR 0001<\/label><\/li><\/ul><\/div><div id=\"wpforms-2099-field_20-container\" class=\"wpforms-field wpforms-field-textarea\" data-field-id=\"20\"><label class=\"wpforms-field-label\" for=\"wpforms-2099-field_20\">Commentaire<\/label><textarea id=\"wpforms-2099-field_20\" class=\"wpforms-field-medium\" name=\"wpforms[fields][20]\" ><\/textarea><\/div><\/div><!-- .wpforms-field-container --><div class=\"wpforms-recaptcha-container wpforms-is-recaptcha wpforms-is-recaptcha-type-v2\" ><div class=\"g-recaptcha\" data-sitekey=\"6LeY31AfAAAAAAvlkplJwHMIFAMKINW1wZ8CMTw_\"><\/div><input type=\"text\" name=\"g-recaptcha-hidden\" class=\"wpforms-recaptcha-hidden\" style=\"position:absolute!important;clip:rect(0,0,0,0)!important;height:1px!important;width:1px!important;border:0!important;overflow:hidden!important;padding:0!important;margin:0!important;\" data-rule-recaptcha=\"1\"><\/div><div class=\"wpforms-submit-container\" ><input type=\"hidden\" name=\"wpforms[id]\" value=\"2099\"><input type=\"hidden\" name=\"wpforms[author]\" value=\"3\"><button type=\"submit\" name=\"wpforms[submit]\" id=\"wpforms-submit-2099\" class=\"wpforms-submit\" data-alt-text=\"Envoi en cours\u2026\" data-submit-text=\"Soumettre\" aria-live=\"assertive\" value=\"wpforms-submit\">Soumettre<\/button><\/div><\/form><\/div>  <!-- .wpforms-container -->\t\t<\/div>\n\t\t\t\t<\/div>\n\t\t\t\t\t<\/div>\n\t\t<\/div>\n\t\t\t\t\t<\/div>\n\t\t<\/section>\n\t\t\t\t<\/div>\n\t\t","protected":false},"excerpt":{"rendered":"Veuillez noter que la date limite pour toutes les demandes de commandite et les paiements doivent \u00eatre re\u00e7u au plus tard le 15 juillet 2025. Une fois le formulaire soumis, un membre du comit\u00e9 vous contactera pour la confirmation et les d\u00e9tails du paiement. Pour toute question, veuillez contacter : Lori Khatchigian @ 514-975-4244 Elizabeth [...]","protected":false},"author":3,"featured_media":0,"parent":0,"menu_order":0,"comment_status":"closed","ping_status":"closed","template":"","meta":[],"_links":{"self":[{"href":"https:\/\/shkermesse.com\/index.php\/wp-json\/wp\/v2\/pages\/2114"}],"collection":[{"href":"https:\/\/shkermesse.com\/index.php\/wp-json\/wp\/v2\/pages"}],"about":[{"href":"https:\/\/shkermesse.com\/index.php\/wp-json\/wp\/v2\/types\/page"}],"author":[{"embeddable":true,"href":"https:\/\/shkermesse.com\/index.php\/wp-json\/wp\/v2\/users\/3"}],"replies":[{"embeddable":true,"href":"https:\/\/shkermesse.com\/index.php\/wp-json\/wp\/v2\/comments?post=2114"}],"version-history":[{"count":5,"href":"https:\/\/shkermesse.com\/index.php\/wp-json\/wp\/v2\/pages\/2114\/revisions"}],"predecessor-version":[{"id":3255,"href":"https:\/\/shkermesse.com\/index.php\/wp-json\/wp\/v2\/pages\/2114\/revisions\/3255"}],"wp:attachment":[{"href":"https:\/\/shkermesse.com\/index.php\/wp-json\/wp\/v2\/media?parent=2114"}],"curies":[{"name":"wp","href":"https:\/\/api.w.org\/{rel}","templated":true}]}}